{"id":99,"date":"2025-10-27T17:23:10","date_gmt":"2025-10-27T16:23:10","guid":{"rendered":"https:\/\/museucampusalcoi.webs.upv.es\/?page_id=99"},"modified":"2025-10-27T17:23:11","modified_gmt":"2025-10-27T16:23:11","slug":"coleccions","status":"publish","type":"page","link":"https:\/\/museucampusalcoi.webs.upv.es\/?page_id=99&lang=va","title":{"rendered":"Coleccions"},"content":{"rendered":"\n<p>Actualment, el museu compta amb m\u00e9s de set-centes peces, dues-centes cinquanta exposades, que es reparteixen en 5 \u00e0rees tem\u00e0tiques: maquin\u00e0ria industrial, instruments per a la did\u00e0ctica de la ci\u00e8ncia, hist\u00f2ria del campus d&#8217;Alcoi, col\u00b7lecci\u00f3 d&#8217;art i arxiu hist\u00f2ric. Estan distribu\u00efdes en vitrines en la planta baixa i la primera planta de l&#8217;emblem\u00e0tic edifici de Viaducte. A continuaci\u00f3 pots veure una mostra de la nostra exposici\u00f3, encara que el millor \u00e9s veure-la en directe visita&#8217;ns!<\/p>\n\n\n\n<div class=\"wp-block-columns is-layout-flex wp-container-core-columns-is-layout-9d6595d7 wp-block-columns-is-layout-flex\">\n<div class=\"wp-block-column is-layout-flow wp-block-column-is-layout-flow\">\n<figure class=\"wp-block-image size-full is-resized\"><img loading=\"lazy\" decoding=\"async\" width=\"736\" height=\"473\" src=\"https:\/\/museucampusalcoi.webs.upv.es\/wp-content\/uploads\/2025\/10\/col_maq_ind.jpg\" alt=\"\" class=\"wp-image-100\" style=\"width:400px\" srcset=\"https:\/\/museucampusalcoi.webs.upv.es\/wp-content\/uploads\/2025\/10\/col_maq_ind.jpg 736w, https:\/\/museucampusalcoi.webs.upv.es\/wp-content\/uploads\/2025\/10\/col_maq_ind-300x193.jpg 300w\" sizes=\"auto, (max-width: 736px) 100vw, 736px\" \/><figcaption class=\"wp-element-caption\">Col\u00b7lecci\u00f3 de Maquin\u00e0ria Industrial<\/figcaption><\/figure>\n\n\n\n<p class=\"has-small-font-size\"><em>La maquin\u00e0ria industrial d&#8217;Alcoi al llarg dels segles ha experimentat una notable evoluci\u00f3 que es veu plasmada intensament en la gran varietat d&#8217;\u00edtems corresponents a aquesta col\u00b7lecci\u00f3. <a href=\"https:\/\/museucampusalcoi.webs.upv.es\/?page_id=43&amp;lang=va\" data-type=\"page\" data-id=\"43\">+info<\/a><\/em><\/p>\n<\/div>\n\n\n\n<div class=\"wp-block-column is-layout-flow wp-block-column-is-layout-flow\">\n<figure class=\"wp-block-image size-full is-resized\"><img loading=\"lazy\" decoding=\"async\" width=\"736\" height=\"473\" src=\"https:\/\/museucampusalcoi.webs.upv.es\/wp-content\/uploads\/2025\/10\/col_ins_did.jpg\" alt=\"\" class=\"wp-image-101\" style=\"width:400px\" srcset=\"https:\/\/museucampusalcoi.webs.upv.es\/wp-content\/uploads\/2025\/10\/col_ins_did.jpg 736w, https:\/\/museucampusalcoi.webs.upv.es\/wp-content\/uploads\/2025\/10\/col_ins_did-300x193.jpg 300w\" sizes=\"auto, (max-width: 736px) 100vw, 736px\" \/><figcaption class=\"wp-element-caption\">Instruments per a la Did\u00e0ctica de les Ci\u00e8ncies<\/figcaption><\/figure>\n\n\n\n<p class=\"has-small-font-size\"><em>Informaci\u00f3 sobre els instruments m\u00e9s caracter\u00edstics de l&#8217;\u00e8poca i s\u00f3n les seues descripcions m\u00e9s detallades possibles per a una correcta compressi\u00f3 dels elements que s&#8217;estan visualitzant.<\/em><\/p>\n<\/div>\n<\/div>\n","protected":false},"excerpt":{"rendered":"<p>Actualment, el museu compta amb m\u00e9s de set-centes peces, dues-centes cinquanta exposades, que es reparteixen en 5 \u00e0rees tem\u00e0tiques: maquin\u00e0ria industrial, instruments per a la did\u00e0ctica de la ci\u00e8ncia, hist\u00f2ria&hellip;<\/p>\n","protected":false},"author":1,"featured_media":0,"parent":0,"menu_order":0,"comment_status":"closed","ping_status":"closed","template":"page-templates\/fullwidth.php","meta":{"footnotes":""},"class_list":["post-99","page","type-page","status-publish","hentry"],"_links":{"self":[{"href":"https:\/\/museucampusalcoi.webs.upv.es\/index.php?rest_route=\/wp\/v2\/pages\/99","targetHints":{"allow":["GET"]}}],"collection":[{"href":"https:\/\/museucampusalcoi.webs.upv.es\/index.php?rest_route=\/wp\/v2\/pages"}],"about":[{"href":"https:\/\/museucampusalcoi.webs.upv.es\/index.php?rest_route=\/wp\/v2\/types\/page"}],"author":[{"embeddable":true,"href":"https:\/\/museucampusalcoi.webs.upv.es\/index.php?rest_route=\/wp\/v2\/users\/1"}],"replies":[{"embeddable":true,"href":"https:\/\/museucampusalcoi.webs.upv.es\/index.php?rest_route=%2Fwp%2Fv2%2Fcomments&post=99"}],"version-history":[{"count":1,"href":"https:\/\/museucampusalcoi.webs.upv.es\/index.php?rest_route=\/wp\/v2\/pages\/99\/revisions"}],"predecessor-version":[{"id":102,"href":"https:\/\/museucampusalcoi.webs.upv.es\/index.php?rest_route=\/wp\/v2\/pages\/99\/revisions\/102"}],"wp:attachment":[{"href":"https:\/\/museucampusalcoi.webs.upv.es\/index.php?rest_route=%2Fwp%2Fv2%2Fmedia&parent=99"}],"curies":[{"name":"wp","href":"https:\/\/api.w.org\/{rel}","templated":true}]}}