{"id":82,"date":"2025-10-27T16:41:29","date_gmt":"2025-10-27T15:41:29","guid":{"rendered":"https:\/\/museucampusalcoi.webs.upv.es\/?page_id=82"},"modified":"2025-10-27T16:45:33","modified_gmt":"2025-10-27T15:45:33","slug":"introduccio","status":"publish","type":"page","link":"https:\/\/museucampusalcoi.webs.upv.es\/?page_id=82&lang=va","title":{"rendered":"Introducci\u00f3"},"content":{"rendered":"\n<p>Entre els anys 1940 i 1980, la secci\u00f3 de tallers de l&#8217;Escola Industrial d&#8217;Alcoi va reunir diferents m\u00e0quines industrials, principalment maquin\u00e0ria antiga i obsoleta de \u00abManufactures Carbonell\u00bb, que s&#8217;utilitzaven en les pr\u00e0ctiques de les assignatures que s&#8217;impartien en aquest centre per a l&#8217;ensenyament de Mestratge Industrial i Peritatge Industrial. El conjunt de m\u00e0quines, en total 28 artefactes i diferents accessoris, es conservava en el soterrani de l&#8217;edifici del Viaducte.<\/p>\n\n\n\n<figure class=\"wp-block-image size-thumb-academia-slideshow is-resized\"><img loading=\"lazy\" decoding=\"async\" width=\"823\" height=\"400\" src=\"https:\/\/museucampusalcoi.webs.upv.es\/wp-content\/uploads\/2024\/02\/intro_telares-823x400.jpg\" alt=\"\" class=\"wp-image-58\" style=\"object-fit:cover;width:960px;height:300px\"\/><\/figure>\n\n\n\n<p class=\"has-small-font-size\"><em>Telers manuals als tallers de l\u2019escola Industrial d\u2019Alcoi (foto: j. m. Santacreu Soler)<\/em><\/p>\n\n\n\n<p>Gr\u00e0cies al treball del Dr. Roberto Garc\u00eda Pay\u00e1 (1989) i la catalogaci\u00f3 de les m\u00e0quines inclosa en el treball de R+D \u00abPatrimoni Industrial. Alcoi. Conversi\u00f3 en parc Hist\u00f2ric del Paratge &#8216;El\u00a0Molinar'\u00bb, editat posteriorment en format de microfitxa (Forner et al., 1995), disposem d&#8217;una informaci\u00f3 molt completa sobre divuit d&#8217;aquestes m\u00e0quines.<\/p>\n\n\n\n<p>En 1991 l&#8217;Ajuntament d&#8217;Alcoi va custodiar aquesta col\u00b7lecci\u00f3 en el Museu Arqueol\u00f2gic d&#8217;Alcoi i va ser ampliada posteriorment per donacions d&#8217;empreses i particulars.<\/p>\n\n\n\n<p>El conjunt de la col\u00b7lecci\u00f3 supera el centenar d&#8217;artefactes representatius de l&#8217;activitat fabril i industrial alcoiana: t\u00e8xtil, paperera, metal\u00b7l\u00fargica, energ\u00e8tica, etc., dels segles XIX i XX. Aquesta col\u00b7lecci\u00f3 t\u00e9 una singular import\u00e0ncia at\u00e8s que \u00e9s testimoniatge de la hist\u00f2ria alcoiana recent, de la seua primerenca i r\u00e0pida industrialitzaci\u00f3 que la van portar a ser considerada una de les ciutats m\u00e9s industrialitzades d&#8217;Espanya a principis del segle XX.<\/p>\n\n\n\n<p class=\"has-small-font-size\" style=\"font-style:italic;font-weight:400\">Blanes Nadal, Georgina; Guti\u00e9rrez Va\u00f1\u00f3, David; Mir\u00f3 Segura, Jos\u00e9 H.; Segura Mart\u00ed, Josep Maria. \u00abLa col\u00b7lecci\u00f3 de maquin\u00e0ria industrial de l&#8217;Ajuntament d&#8217;Alcoi\u00bb. Recerques del Museu d&#8217;Alcoi [en l\u00ednia], 2010, N. 19, p. 201-218. \u00a0<a href=\"http:\/\/www.raco.cat\/index.php\/RecerquesMuseuAlcoi\/article\/view\/197134\/264161\" target=\"_blank\" rel=\"noreferrer noopener\">http:\/\/www.raco.cat\/index.php\/RecerquesMuseuAlcoi\/article\/view\/197134\/264161<\/a><\/p>\n","protected":false},"excerpt":{"rendered":"<p>Entre els anys 1940 i 1980, la secci\u00f3 de tallers de l&#8217;Escola Industrial d&#8217;Alcoi va reunir diferents m\u00e0quines industrials, principalment maquin\u00e0ria antiga i obsoleta de \u00abManufactures Carbonell\u00bb, que s&#8217;utilitzaven en&hellip;<\/p>\n","protected":false},"author":1,"featured_media":0,"parent":0,"menu_order":0,"comment_status":"closed","ping_status":"closed","template":"page-templates\/fullwidth.php","meta":{"footnotes":""},"class_list":["post-82","page","type-page","status-publish","hentry"],"_links":{"self":[{"href":"https:\/\/museucampusalcoi.webs.upv.es\/index.php?rest_route=\/wp\/v2\/pages\/82","targetHints":{"allow":["GET"]}}],"collection":[{"href":"https:\/\/museucampusalcoi.webs.upv.es\/index.php?rest_route=\/wp\/v2\/pages"}],"about":[{"href":"https:\/\/museucampusalcoi.webs.upv.es\/index.php?rest_route=\/wp\/v2\/types\/page"}],"author":[{"embeddable":true,"href":"https:\/\/museucampusalcoi.webs.upv.es\/index.php?rest_route=\/wp\/v2\/users\/1"}],"replies":[{"embeddable":true,"href":"https:\/\/museucampusalcoi.webs.upv.es\/index.php?rest_route=%2Fwp%2Fv2%2Fcomments&post=82"}],"version-history":[{"count":1,"href":"https:\/\/museucampusalcoi.webs.upv.es\/index.php?rest_route=\/wp\/v2\/pages\/82\/revisions"}],"predecessor-version":[{"id":83,"href":"https:\/\/museucampusalcoi.webs.upv.es\/index.php?rest_route=\/wp\/v2\/pages\/82\/revisions\/83"}],"wp:attachment":[{"href":"https:\/\/museucampusalcoi.webs.upv.es\/index.php?rest_route=%2Fwp%2Fv2%2Fmedia&parent=82"}],"curies":[{"name":"wp","href":"https:\/\/api.w.org\/{rel}","templated":true}]}}