{"id":62,"date":"2024-02-20T11:22:23","date_gmt":"2024-02-20T11:22:23","guid":{"rendered":"https:\/\/museucampusalcoi.webs.upv.es\/?page_id=62"},"modified":"2025-10-27T18:30:09","modified_gmt":"2025-10-27T17:30:09","slug":"visitas","status":"publish","type":"page","link":"https:\/\/museucampusalcoi.webs.upv.es\/?page_id=62","title":{"rendered":"Visitas guiadas al MUPIH"},"content":{"rendered":"\n<p>Actualmente el Museo de Patrimonio Industrial e Historia del Campus de Alcoy de la Universitat Polit\u00e8cnica de Val\u00e8ncia (MUPIH) tiene exposiciones en su sede en el edificio de la Escuela Industrial en el Paseo de Ovidi Montllor y en el edificio de Carbonell en la Plaza\u00a0Ferr\u00e1ndiz y Carbonell.<\/p>\n\n\n\n<p>El\u00a0MUPIH est\u00e1 estructurado en varias secciones que est\u00e1n desarroll\u00e1ndose despacio.<\/p>\n\n\n\n<p><em><strong>Visitas al edificio de la Escuela Industrial:<\/strong><\/em><\/p>\n\n\n\n<p>\u2022 La visita completa en todas las salas es con cita previa comunic\u00e1ndose con el correo <a href=\"mailto:museucampusalcoi@upv.es\"><strong>museucampusalcoi@upv.es<\/strong><\/a>. Los grupos tienen que ser de entre 5 personas y un m\u00e1ximo de 30.<\/p>\n\n\n\n<p>\u2022 En horario de apertura del edificio de <strong>9 a 21<\/strong> horas se pueden visitar las exposiciones del hospital Sueco &#8211; Noruego en la planta 2 (planta superior) y la de la Historia de la Ense\u00f1anza Industrial en el vest\u00edbulo del s\u00f3tano (planta -1).<\/p>\n\n\n\n<p><em><strong>Visitas al edificio de Carbonell:<\/strong><\/em><\/p>\n\n\n\n<p>En horario de apertura del edificio de <strong>9 a 21<\/strong> horas se pueden visitar tres corredores en las plantas\u00a0<strong>1B<\/strong>,\u00a0<strong>2B<\/strong> y\u00a0<strong>3B<\/strong>, donde se exponen 15 vitrinas con equipos y material de la ense\u00f1anza industrial.<\/p>\n\n\n\n<p>En un futuro pr\u00f3ximo convocaremos visitas guiadas en determinados horarios.<\/p>\n\n\n\n<p><\/p>\n\n\n\n<p><\/p>\n","protected":false},"excerpt":{"rendered":"<p>Actualmente el Museo de Patrimonio Industrial e Historia del Campus de Alcoy de la Universitat Polit\u00e8cnica de Val\u00e8ncia (MUPIH) tiene exposiciones en su sede en el edificio de la Escuela&hellip;<\/p>\n","protected":false},"author":1,"featured_media":0,"parent":0,"menu_order":0,"comment_status":"closed","ping_status":"closed","template":"page-templates\/fullwidth.php","meta":{"footnotes":""},"class_list":["post-62","page","type-page","status-publish","hentry"],"_links":{"self":[{"href":"https:\/\/museucampusalcoi.webs.upv.es\/index.php?rest_route=\/wp\/v2\/pages\/62","targetHints":{"allow":["GET"]}}],"collection":[{"href":"https:\/\/museucampusalcoi.webs.upv.es\/index.php?rest_route=\/wp\/v2\/pages"}],"about":[{"href":"https:\/\/museucampusalcoi.webs.upv.es\/index.php?rest_route=\/wp\/v2\/types\/page"}],"author":[{"embeddable":true,"href":"https:\/\/museucampusalcoi.webs.upv.es\/index.php?rest_route=\/wp\/v2\/users\/1"}],"replies":[{"embeddable":true,"href":"https:\/\/museucampusalcoi.webs.upv.es\/index.php?rest_route=%2Fwp%2Fv2%2Fcomments&post=62"}],"version-history":[{"count":3,"href":"https:\/\/museucampusalcoi.webs.upv.es\/index.php?rest_route=\/wp\/v2\/pages\/62\/revisions"}],"predecessor-version":[{"id":79,"href":"https:\/\/museucampusalcoi.webs.upv.es\/index.php?rest_route=\/wp\/v2\/pages\/62\/revisions\/79"}],"wp:attachment":[{"href":"https:\/\/museucampusalcoi.webs.upv.es\/index.php?rest_route=%2Fwp%2Fv2%2Fmedia&parent=62"}],"curies":[{"name":"wp","href":"https:\/\/api.w.org\/{rel}","templated":true}]}}