{"id":57,"date":"2024-02-20T11:16:08","date_gmt":"2024-02-20T11:16:08","guid":{"rendered":"https:\/\/museucampusalcoi.webs.upv.es\/?page_id=57"},"modified":"2025-10-27T16:37:03","modified_gmt":"2025-10-27T15:37:03","slug":"introduccion","status":"publish","type":"page","link":"https:\/\/museucampusalcoi.webs.upv.es\/","title":{"rendered":"Introducci\u00f3n"},"content":{"rendered":"\n<p>Entre los a\u00f1os 1940 y 1980, la secci\u00f3n de talleres de la Escuela Industrial de Alcoy reuni\u00f3 diferentes m\u00e1quinas industriales, principalmente maquinaria antigua y obsoleta de \u00abManufactures Carbonell\u00bb, que se utilizaban en las pr\u00e1cticas de las asignaturas que se impart\u00edan en este centro para la ense\u00f1anza de Maestr\u00eda Industrial y Peritaje Industrial. El conjunto de m\u00e1quinas, en total 28 artefactos y diferentes accesorios, se conservaba en el s\u00f3tano del edificio del Viaducto.<\/p>\n\n\n\n<figure class=\"wp-block-image size-thumb-academia-slideshow is-resized\"><img loading=\"lazy\" decoding=\"async\" width=\"823\" height=\"400\" src=\"https:\/\/museucampusalcoi.webs.upv.es\/wp-content\/uploads\/2024\/02\/intro_telares-823x400.jpg\" alt=\"\" class=\"wp-image-58\" style=\"object-fit:cover;width:960px;height:300px\"\/><\/figure>\n\n\n\n<p class=\"has-small-font-size\"><em>Telers manuals als tallers de l\u2019escola Industrial d\u2019Alcoi (foto: j. m. Santacreu Soler)<\/em><\/p>\n\n\n\n<p>Gracias al trabajo del Dr. Roberto Garc\u00eda Pay\u00e1 (1989) y la catalogaci\u00f3n de las m\u00e1quinas incluida en el trabajo de I+D \u00abPatrimonio Industrial. Alcoy. Conversi\u00f3n en parque Hist\u00f3rico del Paraje &#8216;El Molinar'\u00bb, editado posteriormente en formato de microficha (Forner et al., 1995), disponemos de una informaci\u00f3n muy completa sobre dieciocho de estas m\u00e1quinas.<\/p>\n\n\n\n<p>En 1991 el Ayuntamiento de Alcoy custodi\u00f3 esta colecci\u00f3n en el Museo Arqueol\u00f3gico de Alcoy y fue ampliada posteriormente por donaciones de empresas y particulares.<\/p>\n\n\n\n<p>El conjunto de la colecci\u00f3n supera el centenar de artefactos representativos de la actividad fabril e industrial alcoyana: textil, papelera, metal\u00fargica, energ\u00e9tica, etc., de los siglos XIX y XX. Esta colecci\u00f3n tiene una singular importancia dado que es testimonio de la historia alcoyana reciente, de su temprana y r\u00e1pida industrializaci\u00f3n que la llevaron a ser considerada una de las ciudades m\u00e1s industrializadas de Espa\u00f1a a principios del siglo XX.<\/p>\n\n\n\n<p class=\"has-small-font-size\" style=\"font-style:italic;font-weight:400\">Blanes Nadal, Georgina; Guti\u00e9rrez Va\u00f1\u00f3, David; Mir\u00f3 Segura, Jos\u00e9 H.; Segura Mart\u00ed, Josep Maria. \u00abLa col\u00b7lecci\u00f3 de maquin\u00e0ria industrial de l&#8217;Ajuntament d&#8217;Alcoi\u00bb. Recerques del Museu d&#8217;Alcoi [en l\u00ednia], 2010, N\u00fam. 19, p. 201-218. \u00a0<a href=\"http:\/\/www.raco.cat\/index.php\/RecerquesMuseuAlcoi\/article\/view\/197134\/264161\" target=\"_blank\" rel=\"noreferrer noopener\">http:\/\/www.raco.cat\/index.php\/RecerquesMuseuAlcoi\/article\/view\/197134\/264161<\/a><\/p>\n","protected":false},"excerpt":{"rendered":"<p>Entre los a\u00f1os 1940 y 1980, la secci\u00f3n de talleres de la Escuela Industrial de Alcoy reuni\u00f3 diferentes m\u00e1quinas industriales, principalmente maquinaria antigua y obsoleta de \u00abManufactures Carbonell\u00bb, que se&hellip;<\/p>\n","protected":false},"author":1,"featured_media":0,"parent":0,"menu_order":0,"comment_status":"closed","ping_status":"closed","template":"page-templates\/fullwidth.php","meta":{"footnotes":""},"class_list":["post-57","page","type-page","status-publish","hentry"],"_links":{"self":[{"href":"https:\/\/museucampusalcoi.webs.upv.es\/index.php?rest_route=\/wp\/v2\/pages\/57","targetHints":{"allow":["GET"]}}],"collection":[{"href":"https:\/\/museucampusalcoi.webs.upv.es\/index.php?rest_route=\/wp\/v2\/pages"}],"about":[{"href":"https:\/\/museucampusalcoi.webs.upv.es\/index.php?rest_route=\/wp\/v2\/types\/page"}],"author":[{"embeddable":true,"href":"https:\/\/museucampusalcoi.webs.upv.es\/index.php?rest_route=\/wp\/v2\/users\/1"}],"replies":[{"embeddable":true,"href":"https:\/\/museucampusalcoi.webs.upv.es\/index.php?rest_route=%2Fwp%2Fv2%2Fcomments&post=57"}],"version-history":[{"count":1,"href":"https:\/\/museucampusalcoi.webs.upv.es\/index.php?rest_route=\/wp\/v2\/pages\/57\/revisions"}],"predecessor-version":[{"id":59,"href":"https:\/\/museucampusalcoi.webs.upv.es\/index.php?rest_route=\/wp\/v2\/pages\/57\/revisions\/59"}],"wp:attachment":[{"href":"https:\/\/museucampusalcoi.webs.upv.es\/index.php?rest_route=%2Fwp%2Fv2%2Fmedia&parent=57"}],"curies":[{"name":"wp","href":"https:\/\/api.w.org\/{rel}","templated":true}]}}