{"id":46,"date":"2024-02-20T10:38:14","date_gmt":"2024-02-20T10:38:14","guid":{"rendered":"https:\/\/museucampusalcoi.webs.upv.es\/?page_id=46"},"modified":"2025-10-27T17:08:46","modified_gmt":"2025-10-27T16:08:46","slug":"enlaces","status":"publish","type":"page","link":"https:\/\/museucampusalcoi.webs.upv.es\/?page_id=46","title":{"rendered":"Enlaces"},"content":{"rendered":"\n<h2 class=\"wp-block-heading\">Otros museos en la UPV<\/h2>\n\n\n\n<div class=\"wp-block-columns is-layout-flex wp-container-core-columns-is-layout-9d6595d7 wp-block-columns-is-layout-flex\">\n<div class=\"wp-block-column is-layout-flow wp-block-column-is-layout-flow\">\n<figure class=\"wp-block-image size-full is-resized\"><a href=\"https:\/\/museo.inf.upv.es\/\" target=\"_blank\" rel=\"noreferrer noopener\"><img loading=\"lazy\" decoding=\"async\" width=\"427\" height=\"427\" src=\"https:\/\/museucampusalcoi.webs.upv.es\/wp-content\/uploads\/2024\/02\/mus_infor.jpg\" alt=\"\" class=\"wp-image-47\" style=\"width:225px;height:auto\" srcset=\"https:\/\/museucampusalcoi.webs.upv.es\/wp-content\/uploads\/2024\/02\/mus_infor.jpg 427w, https:\/\/museucampusalcoi.webs.upv.es\/wp-content\/uploads\/2024\/02\/mus_infor-300x300.jpg 300w, https:\/\/museucampusalcoi.webs.upv.es\/wp-content\/uploads\/2024\/02\/mus_infor-150x150.jpg 150w\" sizes=\"auto, (max-width: 427px) 100vw, 427px\" \/><\/a><figcaption class=\"wp-element-caption\">Museo de la Inform\u00e1tica<\/figcaption><\/figure>\n<\/div>\n\n\n\n<div class=\"wp-block-column is-layout-flow wp-block-column-is-layout-flow\">\n<figure class=\"wp-block-image size-full is-resized\"><a href=\"https:\/\/museotelecomvlc.webs.upv.es\/\" target=\"_blank\" rel=\"noreferrer noopener\"><img loading=\"lazy\" decoding=\"async\" width=\"427\" height=\"427\" src=\"https:\/\/museucampusalcoi.webs.upv.es\/wp-content\/uploads\/2024\/02\/mus_teleco.jpg\" alt=\"\" class=\"wp-image-48\" style=\"width:225px\" srcset=\"https:\/\/museucampusalcoi.webs.upv.es\/wp-content\/uploads\/2024\/02\/mus_teleco.jpg 427w, https:\/\/museucampusalcoi.webs.upv.es\/wp-content\/uploads\/2024\/02\/mus_teleco-300x300.jpg 300w, https:\/\/museucampusalcoi.webs.upv.es\/wp-content\/uploads\/2024\/02\/mus_teleco-150x150.jpg 150w\" sizes=\"auto, (max-width: 427px) 100vw, 427px\" \/><\/a><figcaption class=\"wp-element-caption\">Museo de la Telecomunicaci\u00f3n<\/figcaption><\/figure>\n<\/div>\n\n\n\n<div class=\"wp-block-column is-layout-flow wp-block-column-is-layout-flow\">\n<figure class=\"wp-block-image size-full is-resized\"><a href=\"https:\/\/www.upv.es\/entidades\/FPA\/info\/1018533normalc.html\" target=\"_blank\" rel=\"noreferrer noopener\"><img loading=\"lazy\" decoding=\"async\" width=\"427\" height=\"427\" src=\"https:\/\/museucampusalcoi.webs.upv.es\/wp-content\/uploads\/2024\/02\/mus_juguete.jpg\" alt=\"\" class=\"wp-image-49\" style=\"width:225px\" srcset=\"https:\/\/museucampusalcoi.webs.upv.es\/wp-content\/uploads\/2024\/02\/mus_juguete.jpg 427w, https:\/\/museucampusalcoi.webs.upv.es\/wp-content\/uploads\/2024\/02\/mus_juguete-300x300.jpg 300w, https:\/\/museucampusalcoi.webs.upv.es\/wp-content\/uploads\/2024\/02\/mus_juguete-150x150.jpg 150w\" sizes=\"auto, (max-width: 427px) 100vw, 427px\" \/><\/a><figcaption class=\"wp-element-caption\">Museo del Juguete<\/figcaption><\/figure>\n<\/div>\n<\/div>\n\n\n\n<h2 class=\"wp-block-heading\">V\u00eddeos<\/h2>\n\n\n\n<div class=\"wp-block-columns is-layout-flex wp-container-core-columns-is-layout-9d6595d7 wp-block-columns-is-layout-flex\">\n<div class=\"wp-block-column is-layout-flow wp-block-column-is-layout-flow\">\n<figure class=\"wp-block-embed is-type-video is-provider-youtube wp-block-embed-youtube wp-embed-aspect-16-9 wp-has-aspect-ratio\"><div class=\"wp-block-embed__wrapper\">\n<iframe loading=\"lazy\" title=\"[DOCUMENTAL] Piedras que hablan, un recorrido hist\u00f3rico por el campus de Alcoy\" width=\"440\" height=\"248\" src=\"https:\/\/www.youtube.com\/embed\/YOjsQc83iU4?feature=oembed\" frameborder=\"0\" allow=\"accelerometer; autoplay; clipboard-write; encrypted-media; gyroscope; picture-in-picture; web-share\" referrerpolicy=\"strict-origin-when-cross-origin\" allowfullscreen><\/iframe>\n<\/div><\/figure>\n<\/div>\n\n\n\n<div class=\"wp-block-column is-layout-flow wp-block-column-is-layout-flow\">\n<p class=\"has-small-font-size\">Documental que cuenta la historia de los cuatro edificios que han albergado el campus de la UPV, desde la Escuela Industrial hasta la actualidad. El profesor y arquitecto Juan Francisco Pic\u00f3, quien form\u00f3 parte del equipo que restaur\u00f3 en su d\u00eda los edificios Carbonell y Ferr\u00e1ndiz, es el autor del guion; el actor alcoyano Juli Cant\u00f3 se encarga de contar la historia con im\u00e1genes actuales de los edificios, salpicadas con grafismos de la \u00e9poca para ambientarla.<\/p>\n<\/div>\n<\/div>\n\n\n\n<div class=\"wp-block-columns is-layout-flex wp-container-core-columns-is-layout-9d6595d7 wp-block-columns-is-layout-flex\">\n<div class=\"wp-block-column is-layout-flow wp-block-column-is-layout-flow\">\n<figure class=\"wp-block-embed is-type-video is-provider-youtube wp-block-embed-youtube wp-embed-aspect-16-9 wp-has-aspect-ratio\"><div class=\"wp-block-embed__wrapper\">\n<iframe loading=\"lazy\" title=\"Ep. 4: Suecia y Noruega se movilizan para ayudar a Espa\u00f1a\" width=\"440\" height=\"248\" src=\"https:\/\/www.youtube.com\/embed\/dviGgfl6lhQ?feature=oembed\" frameborder=\"0\" allow=\"accelerometer; autoplay; clipboard-write; encrypted-media; gyroscope; picture-in-picture; web-share\" referrerpolicy=\"strict-origin-when-cross-origin\" allowfullscreen><\/iframe>\n<\/div><\/figure>\n<\/div>\n\n\n\n<div class=\"wp-block-column is-layout-flow wp-block-column-is-layout-flow\">\n<p class=\"has-small-font-size\">Los ecos de la Guerra Civil en Espa\u00f1a resonaron con fuerza entre miles de an\u00f3nimos ciudadanos suecos y noruegos, que iniciaron un movimiento solidario para recolectar fondos con los que se equip\u00f3 un hospital en pleno coraz\u00f3n de la Comunidad Valenciana. En este episodio, el cineasta Xavier Cort\u00e9s nos explica c\u00f3mo consigui\u00f3 \u2013 tras una exhaustiva investigaci\u00f3n en filmotecas y archivos hist\u00f3ricos de tres pa\u00edses \u2013 rescatar del olvido un cap\u00edtulo poco conocido, poniendo de relieve un ejemplo de ayuda humanitaria en la Europa de entreguerras.<\/p>\n<\/div>\n<\/div>\n\n\n\n<div class=\"wp-block-columns is-layout-flex wp-container-core-columns-is-layout-9d6595d7 wp-block-columns-is-layout-flex\">\n<div class=\"wp-block-column is-layout-flow wp-block-column-is-layout-flow\">\n<figure class=\"wp-block-embed is-type-video is-provider-youtube wp-block-embed-youtube wp-embed-aspect-4-3 wp-has-aspect-ratio\"><div class=\"wp-block-embed__wrapper\">\n<iframe loading=\"lazy\" title=\"La historia del tren Chicharra (Alcoy-Gand\u00eda) (1993).\" width=\"440\" height=\"330\" src=\"https:\/\/www.youtube.com\/embed\/bH6yrylEh7Q?feature=oembed\" frameborder=\"0\" allow=\"accelerometer; autoplay; clipboard-write; encrypted-media; gyroscope; picture-in-picture; web-share\" referrerpolicy=\"strict-origin-when-cross-origin\" allowfullscreen><\/iframe>\n<\/div><\/figure>\n<\/div>\n\n\n\n<div class=\"wp-block-column is-layout-flow wp-block-column-is-layout-flow\">\n<p class=\"has-small-font-size\">Documental en valenciano que cuenta la historia del tren Chicharra (Alcoy-Gand\u00eda).<\/p>\n<\/div>\n<\/div>\n","protected":false},"excerpt":{"rendered":"<p>Otros museos en la UPV V\u00eddeos Documental que cuenta la historia de los cuatro edificios que han albergado el campus de la UPV, desde la Escuela Industrial hasta la actualidad.&hellip;<\/p>\n","protected":false},"author":1,"featured_media":0,"parent":0,"menu_order":0,"comment_status":"closed","ping_status":"closed","template":"page-templates\/fullwidth.php","meta":{"footnotes":""},"class_list":["post-46","page","type-page","status-publish","hentry"],"_links":{"self":[{"href":"https:\/\/museucampusalcoi.webs.upv.es\/index.php?rest_route=\/wp\/v2\/pages\/46","targetHints":{"allow":["GET"]}}],"collection":[{"href":"https:\/\/museucampusalcoi.webs.upv.es\/index.php?rest_route=\/wp\/v2\/pages"}],"about":[{"href":"https:\/\/museucampusalcoi.webs.upv.es\/index.php?rest_route=\/wp\/v2\/types\/page"}],"author":[{"embeddable":true,"href":"https:\/\/museucampusalcoi.webs.upv.es\/index.php?rest_route=\/wp\/v2\/users\/1"}],"replies":[{"embeddable":true,"href":"https:\/\/museucampusalcoi.webs.upv.es\/index.php?rest_route=%2Fwp%2Fv2%2Fcomments&post=46"}],"version-history":[{"count":3,"href":"https:\/\/museucampusalcoi.webs.upv.es\/index.php?rest_route=\/wp\/v2\/pages\/46\/revisions"}],"predecessor-version":[{"id":55,"href":"https:\/\/museucampusalcoi.webs.upv.es\/index.php?rest_route=\/wp\/v2\/pages\/46\/revisions\/55"}],"wp:attachment":[{"href":"https:\/\/museucampusalcoi.webs.upv.es\/index.php?rest_route=%2Fwp%2Fv2%2Fmedia&parent=46"}],"curies":[{"name":"wp","href":"https:\/\/api.w.org\/{rel}","templated":true}]}}