{"id":43,"date":"2024-02-19T18:02:32","date_gmt":"2024-02-19T18:02:32","guid":{"rendered":"https:\/\/museucampusalcoi.webs.upv.es\/?page_id=43"},"modified":"2025-10-27T17:39:51","modified_gmt":"2025-10-27T16:39:51","slug":"maquinaria-industrial","status":"publish","type":"page","link":"https:\/\/museucampusalcoi.webs.upv.es\/?page_id=43","title":{"rendered":"Maquinaria Industrial"},"content":{"rendered":"\n<p><em>La maquinaria industrial de Alcoy a lo largo de los siglos ha experimentado una notable evoluci\u00f3n que se ve plasmada intensamente en la gran variedad de \u00edtems correspondientes a esta colecci\u00f3n.<\/em><\/p>\n\n\n\n<div class=\"wp-block-buttons is-content-justification-right is-layout-flex wp-container-core-buttons-is-layout-765c4724 wp-block-buttons-is-layout-flex\">\n<div class=\"wp-block-button is-style-outline is-style-outline--1\"><a class=\"wp-block-button__link has-cyan-bluish-gray-color has-text-color has-link-color has-small-font-size has-text-align-right has-custom-font-size wp-element-button\" href=\"https:\/\/museucampusalcoi.webs.upv.es\/?page_id=9\">Colecciones<\/a><\/div>\n<\/div>\n\n\n\n<figure class=\"wp-block-image size-thumb-academia-slideshow-medium\"><img loading=\"lazy\" decoding=\"async\" width=\"600\" height=\"250\" src=\"https:\/\/museucampusalcoi.webs.upv.es\/wp-content\/uploads\/2024\/02\/col_maq_ind-600x250.jpg\" alt=\"\" class=\"wp-image-37\"\/><\/figure>\n\n\n\n<ul class=\"wp-block-list\">\n<li>1.1\u00a0 Metal<\/li>\n\n\n\n<li>1.2\u00a0 Textil<\/li>\n\n\n\n<li>1.3\u00a0 Papel<\/li>\n\n\n\n<li>1.4\u00a0 Energ\u00e9tica. (El\u00e9ctrica)<\/li>\n\n\n\n<li>1.5\u00a0 Carpinter\u00eda<\/li>\n\n\n\n<li>1.6\u00a0 Otros<\/li>\n<\/ul>\n","protected":false},"excerpt":{"rendered":"<p>La maquinaria industrial de Alcoy a lo largo de los siglos ha experimentado una notable evoluci\u00f3n que se ve plasmada intensamente en la gran variedad de \u00edtems correspondientes a esta&hellip;<\/p>\n","protected":false},"author":1,"featured_media":0,"parent":0,"menu_order":0,"comment_status":"closed","ping_status":"closed","template":"page-templates\/fullwidth.php","meta":{"footnotes":""},"class_list":["post-43","page","type-page","status-publish","hentry"],"_links":{"self":[{"href":"https:\/\/museucampusalcoi.webs.upv.es\/index.php?rest_route=\/wp\/v2\/pages\/43","targetHints":{"allow":["GET"]}}],"collection":[{"href":"https:\/\/museucampusalcoi.webs.upv.es\/index.php?rest_route=\/wp\/v2\/pages"}],"about":[{"href":"https:\/\/museucampusalcoi.webs.upv.es\/index.php?rest_route=\/wp\/v2\/types\/page"}],"author":[{"embeddable":true,"href":"https:\/\/museucampusalcoi.webs.upv.es\/index.php?rest_route=\/wp\/v2\/users\/1"}],"replies":[{"embeddable":true,"href":"https:\/\/museucampusalcoi.webs.upv.es\/index.php?rest_route=%2Fwp%2Fv2%2Fcomments&post=43"}],"version-history":[{"count":4,"href":"https:\/\/museucampusalcoi.webs.upv.es\/index.php?rest_route=\/wp\/v2\/pages\/43\/revisions"}],"predecessor-version":[{"id":107,"href":"https:\/\/museucampusalcoi.webs.upv.es\/index.php?rest_route=\/wp\/v2\/pages\/43\/revisions\/107"}],"wp:attachment":[{"href":"https:\/\/museucampusalcoi.webs.upv.es\/index.php?rest_route=%2Fwp%2Fv2%2Fmedia&parent=43"}],"curies":[{"name":"wp","href":"https:\/\/api.w.org\/{rel}","templated":true}]}}