{"id":20,"date":"2024-02-19T16:29:24","date_gmt":"2024-02-19T16:29:24","guid":{"rendered":"https:\/\/museucampusalcoi.webs.upv.es\/?page_id=20"},"modified":"2025-10-27T18:08:30","modified_gmt":"2025-10-27T17:08:30","slug":"historia-de-la-epsa","status":"publish","type":"page","link":"https:\/\/museucampusalcoi.webs.upv.es\/?page_id=20","title":{"rendered":"Historia de la EPSA"},"content":{"rendered":"\n<p>El campus d&#8217;Alcoi de la Universitat Polit\u00e8cnica de Val\u00e8ncia tiene sus or\u00edgenes en la&nbsp;<strong>Real F\u00e1brica de Pa\u00f1os de Alcoy<\/strong>&nbsp;(RFPA), organismo que durante la segunda mitad del siglo XVIII y primera d\u00e9cada del XIX emprendi\u00f3 una decidida pol\u00edtica de renovaci\u00f3n e industrializaci\u00f3n promoviendo contratos a t\u00e9cnicos extranjeros y expertos en procesos de tinturas y equipamiento. Adem\u00e1s foment\u00f3 el env\u00edo de comisionados a diferentes lugares al objeto de introducir innovaciones e incorporar nuevas maquinarias de hilatura.<\/p>\n\n\n\n<h2 class=\"wp-block-heading\">Siglo XIX<\/h2>\n\n\n\n<p>Durante la segunda d\u00e9cada del siglo XIX se produjeron turbulentos sucesos antimaquinistas originados por el rechazo de los trabajadores a la introducci\u00f3n de nuevos m\u00e9todos de producci\u00f3n que eliminaban gran parte del trabajo manual. Estos acontecimientos unidos al hecho de que, pese al esfuerzo realizado por la RFPA, la industria de Alcoy no consegu\u00eda estar al d\u00eda en el desarrollo tecnol\u00f3gico. Mostraron la necesidad de crear un centro de estudios superiores capaz de generar t\u00e9cnicos especialistas con fuerte preparaci\u00f3n te\u00f3rica &#8211; pr\u00e1ctica, capaces de dirigir una moderna f\u00e1brica textil.<\/p>\n\n\n\n<p>As\u00ed tambi\u00e9n, la real F\u00e1brica de Pa\u00f1os de Alcoy manifest\u00f3 su preocupaci\u00f3n de depender de t\u00e9cnicos extranjeros y lleg\u00f3 a la conclusi\u00f3n de que era necesario formar t\u00e9cnicos que, tras una preparaci\u00f3n te\u00f3rico &#8211; pr\u00e1ctica, fueran capaces de dirigir competentemente las distintas secciones de una f\u00e1brica textil moderna y mecanizada.<\/p>\n\n\n\n<p>La idea se concret\u00f3 en la sesi\u00f3n del d\u00eda 29 de octubre de 1828, en la que la Real F\u00e1brica acord\u00f3 crear y mantener a sus expensas unos estudios de preparaci\u00f3n industrial, que llamar\u00eda Establecimiento Cient\u00edfico &#8211; Art\u00edstico, conocido con el nombre de \u201c<strong>Escuela de la Bolla<\/strong>\u201d, nombre que toma de la antigua casa gremial de la entidad fundadora, denominada as\u00ed porque en ella se bollaban los pa\u00f1os.<\/p>\n\n\n\n<p>El proyecto se llev\u00f3 a cabo sin demora y se puso en marcha al a\u00f1o siguiente. Se crearon cuatro c\u00e1tedras en las que se impart\u00edan las siguientes asignaturas: Saber leer, escribir y nociones de contabilidad, en la primera c\u00e1tedra; Aritm\u00e9tica y \u00c1lgebra, en la segunda; Geometr\u00eda, Mec\u00e1nica, F\u00edsica y Dise\u00f1o Geom\u00e9trico aplicado a las Artes, en la tercera; y Qu\u00edmica en la cuarta c\u00e1tedra. El Establecimiento Cient\u00edfico &#8211; Art\u00edstico dur\u00f3 tan solo cinco a\u00f1os.<\/p>\n\n\n\n<p>Por la Real Orden de 1853 se crean en Espa\u00f1a tres centros de ense\u00f1anza t\u00e9cnica siendo la de Alcoy uno de ellos. Se reanudaron los estudios de car\u00e1cter oficial, bajo la denominaci\u00f3n de \u201cEscuela Industrial Elemental\u201d, subvencionada con fondos estatales, municipales e industriales. A partir de este momento la intervenci\u00f3n estatal es creciente y decisiva. El RD de 30\/8\/1862 concede a esta Escuela la expedici\u00f3n de t\u00edtulos, primero de perito qu\u00edmico y luego de mec\u00e1nico. Este tipo de escuelas fue suprimido posteriormente, pero Alcoy continu\u00f3 en su empe\u00f1o y su Escuela funcion\u00f3 como \u00fanico centro dedicado a esta clase de estudios t\u00e9cnicos.<\/p>\n\n\n\n<h2 class=\"wp-block-heading\">Siglo XX. La Escuela Industrial<\/h2>\n\n\n\n<p>El Real Decreto del 17 de agosto de 1901 reforma radicalmente las ense\u00f1anzas superiores. La Escuela Industrial Elemental de Alcoy pasa a denominarse Escuela Elemental de Industria y se crea la nueva Escuela Superior de Industria. Empezar\u00eda a funcionar en la apertura del curso 1902\/03 con la especialidad de peritos mec\u00e1nicos, qu\u00edmicos y electricistas. Posteriormente se incorpora la especialidad de manufacturero o textil por R.D. de 10\/1\/1902, y la de aparejadores en 1907.<\/p>\n\n\n\n<p>En 1910 se estableci\u00f3 la Escuela Industrial, que supon\u00eda la fusi\u00f3n de la Escuela Superior de Industria y la Escuela Elemental de Industria (m\u00e1s enfocada a estudios de Artes y Oficios).<\/p>\n\n\n\n<figure class=\"wp-block-gallery has-nested-images columns-default is-cropped wp-block-gallery-1 is-layout-flex wp-block-gallery-is-layout-flex\">\n<figure class=\"wp-block-image size-full\"><img loading=\"lazy\" decoding=\"async\" width=\"600\" height=\"213\" data-id=\"33\" src=\"https:\/\/museucampusalcoi.webs.upv.es\/wp-content\/uploads\/2024\/02\/img-edificio_viaducto.jpg\" alt=\"\" class=\"wp-image-33\" srcset=\"https:\/\/museucampusalcoi.webs.upv.es\/wp-content\/uploads\/2024\/02\/img-edificio_viaducto.jpg 600w, https:\/\/museucampusalcoi.webs.upv.es\/wp-content\/uploads\/2024\/02\/img-edificio_viaducto-300x107.jpg 300w\" sizes=\"auto, (max-width: 600px) 100vw, 600px\" \/><\/figure>\n<\/figure>\n\n\n\n<p>En 1923 empieza a levantarse un nuevo edificio sobre el antiguo tendedero de lanas de la real F\u00e1brica de Pa\u00f1os que, manteniendo su decidido apoyo a la ense\u00f1anza t\u00e9cnica, cedi\u00f3 gratuitamente el anterior solar. Esta construcci\u00f3n es el actual edificio del&nbsp;<strong>Viaducto<\/strong>.<\/p>\n\n\n\n<p>Durante la Guerra Civil el edificio alberg\u00f3 el Hospital Sueco &#8211; Noruego de combatientes.<\/p>\n\n\n\n<p>Prescindiendo de otras reformas por las que la Escuela tuvo diversas denominaciones, el RD de 22\/7\/1942 introduce reformas en los planes de estudios y r\u00e9gimen de ense\u00f1anzas y se cambia otra vez el nombre de T\u00e9cnicos por el de Peritos y la Escuela pasa a denominarse \u201cEscuela de Peritos Industriales\u201d. En 1964, sufre otro cambio de nombre y se denomina \u201cEscuela de Ingenier\u00eda T\u00e9cnica Industrial\u201d.<\/p>\n\n\n\n<h2 class=\"wp-block-heading\">Integraci\u00f3n en la Universitat Polit\u00e8cnica de Val\u00e8ncia<\/h2>\n\n\n\n<p>En 1972 se integra en la Universitat Polit\u00e8cnica de Val\u00e8ncia como \u201c<strong>Escuela Universitaria de Ingenier\u00eda T\u00e9cnica Industrial de Alcoy<\/strong>\u201d (EUITIA).<\/p>\n\n\n\n<p>Desde 1983 se imparten 5 especialidades: Qu\u00edmica, Mec\u00e1nica, El\u00e9ctrica, Textil y Electr\u00f3nica Industrial.<\/p>\n\n\n\n<p>Con la entrada en vigor de la LRU en 1986, la Universidad adquiere una nueva estructura interna que la reorganiza en \u00f3rganos colegiados, llamados departamentos. Dada esta nueva estructura y la singularidad que la Ingenier\u00eda Textil representa dentro de la UPV, se ubica la sede central del Departamento de Ingenier\u00eda Textil y Papelera en Alcoy.<\/p>\n\n\n\n<p>Desde 1991, se imparten, en el departamento de Ingenier\u00eda Textil y Papelera, cursos de Doctorado (3\u00ba ciclo).<\/p>\n\n\n\n<p>En el curso 1993\/94 se inician los estudios de ingeniero T\u00e9cnico en Telecomunicaciones, especialidad Telem\u00e1tica. En el curso 1994\/95 hay que sumar una nueva titulaci\u00f3n, la de Ingeniero Superior en Organizaci\u00f3n Industrial (2\u00ba ciclo), lo que confiere a esta Escuela Universitaria de Alcoy un rango superior. Por ello el 19 de julio de 1994, el Consejo interuniversitario aprueba el nuevo rango y pasa a denominarse de manera definitiva\u00a0<strong>Escuela Polit\u00e9cnica Superior de Alcoy<\/strong>\u00a0(EPSA), seg\u00fan lo dispuesto en el DOGV no 2423 de 9\/1\/1995.<\/p>\n\n\n\n<p>En el curso acad\u00e9mico 1995\/96, adem\u00e1s de las titulaciones mencionadas (todas ellas con nuevos planes de estudio iniciados en el curso 1993\/94) hay que sumar una nueva, la de Ingeniero T\u00e9cnico en Dise\u00f1o Industrial. El curso 1997\/98 comenz\u00f3 con la Licenciatura en Administraci\u00f3n y Direcci\u00f3n de Empresas.<\/p>\n\n\n\n<figure class=\"wp-block-gallery has-nested-images columns-default is-cropped wp-block-gallery-2 is-layout-flex wp-block-gallery-is-layout-flex\">\n<figure class=\"wp-block-image size-full\"><img loading=\"lazy\" decoding=\"async\" width=\"600\" height=\"213\" data-id=\"34\" src=\"https:\/\/museucampusalcoi.webs.upv.es\/wp-content\/uploads\/2024\/02\/img-edificio_carbonell.jpg\" alt=\"\" class=\"wp-image-34\" srcset=\"https:\/\/museucampusalcoi.webs.upv.es\/wp-content\/uploads\/2024\/02\/img-edificio_carbonell.jpg 600w, https:\/\/museucampusalcoi.webs.upv.es\/wp-content\/uploads\/2024\/02\/img-edificio_carbonell-300x107.jpg 300w\" sizes=\"auto, (max-width: 600px) 100vw, 600px\" \/><\/figure>\n<\/figure>\n\n\n\n<p>Desde febrero de 1998 el campus de Alcoy ha ampliado sus instalaciones con un nuevo edificio rehabilitado de una antigua f\u00e1brica textil de principios del siglo XX, el edificio de&nbsp;<strong>Ferr\u00e1ndiz<\/strong>. Desde 2006 se dispone de un tercer edificio industrial de principios del siglo XX, el de&nbsp;<strong>Carbonell<\/strong>, el cual se encuentra ubicado en frente del edificio Ferr\u00e1ndiz. El conjunto formado por los dos edificios constituye un complejo \u00fanico de arquitectura industrial de principios del siglo XX.<\/p>\n\n\n\n<p>En el curso 1999\/2000 comienza a impartirse otra titulaci\u00f3n superior, Ingenier\u00eda de Materiales. En el curso 2001\/02 se a\u00f1ade la \u00faltima de las nuevas titulaciones, Ingenier\u00eda T\u00e9cnica en Inform\u00e1tica de Gesti\u00f3n.<\/p>\n\n\n\n<p>Por otra parte, en el a\u00f1o 1999 se implant\u00f3 el doctorado en Ingenier\u00eda en Organizaci\u00f3n Industrial. En el curso 2007\/08 se inici\u00f3 el M\u00e1ster Oficial Universitario de Ingenier\u00eda Textil.<\/p>\n\n\n\n<h2 class=\"wp-block-heading\">Adaptaci\u00f3n de los t\u00edtulos al Marco Europeo de Educaci\u00f3n Superior<\/h2>\n\n\n\n<p>Posteriormente a partir del a\u00f1o 2009, se inici\u00f3 la adaptaci\u00f3n de los t\u00edtulos al Marco Europeo de Educaci\u00f3n Superior. De esta forma en la actualidad se pueden cursar ocho grados: Grado en Ingenier\u00eda El\u00e9ctrica, Grado en Ingenier\u00eda Mec\u00e1nica, Grado en Ingenier\u00eda Qu\u00edmica, Grado en Ingenier\u00eda en Dise\u00f1o Industrial y Desarrollo de Productos, Grado en Ingenier\u00eda Inform\u00e1tica, Grado en ADE, Grado en ADE+Turismo y Grado en ADE+Ingenier\u00eda Inform\u00e1tica.<\/p>\n\n\n\n<p>Las titulaciones superiores tambi\u00e9n se adaptaron a Bolonia como m\u00e1steres universitarios oficiales: M\u00e1ster Universitario en Ingenier\u00eda Textil, M\u00e1ster Universitario en Ingenier\u00eda de Organizaci\u00f3n y Log\u00edstica, M\u00e1ster Universitario en Ingenier\u00eda, Procesado y Caracterizaci\u00f3n de Materiales y M\u00e1ster Universitario en Direcci\u00f3n de Empresas (MBA).<\/p>\n\n\n\n<p>En el a\u00f1o 2014 se incorporaba al campus el nuevo edificio\u00a0<strong>Georgina Blanes<\/strong>, dotado con un pabell\u00f3n e instalaciones deportes, m\u00faltiples laboratorios de investigaci\u00f3n y uso docente, una zona verde y un aparcamiento subterr\u00e1neo.<\/p>\n\n\n\n<h2 class=\"wp-block-heading\">Incorporaci\u00f3n de nuevos t\u00edtulos<\/h2>\n\n\n\n<p>En el curso 2022\/23 se incorpor\u00f3 el grado en Inform\u00e1tica Industrial y Rob\u00f3tica y lo curso 2025\/26 el de Inteligencia Artificial, dando cabida a las nuevas tecnolog\u00edas que se incorporan al d\u00eda a d\u00eda de la sociedad.<\/p>\n\n\n\n<p>En la actualidad, la UPV Alcoi es un campus universitario competitivo, cercano a los alumnos, que ofrece una formaci\u00f3n personalizada y adaptada a los retos de la econom\u00eda y sociedad. Cerca de 2.800 alumnos cursan sus estudios en el Campus de Alcoy de la UPV.<\/p>\n","protected":false},"excerpt":{"rendered":"<p>El campus d&#8217;Alcoi de la Universitat Polit\u00e8cnica de Val\u00e8ncia tiene sus or\u00edgenes en la&nbsp;Real F\u00e1brica de Pa\u00f1os de Alcoy&nbsp;(RFPA), organismo que durante la segunda mitad del siglo XVIII y primera&hellip;<\/p>\n","protected":false},"author":1,"featured_media":0,"parent":0,"menu_order":0,"comment_status":"closed","ping_status":"closed","template":"page-templates\/fullwidth.php","meta":{"footnotes":""},"class_list":["post-20","page","type-page","status-publish","hentry"],"_links":{"self":[{"href":"https:\/\/museucampusalcoi.webs.upv.es\/index.php?rest_route=\/wp\/v2\/pages\/20","targetHints":{"allow":["GET"]}}],"collection":[{"href":"https:\/\/museucampusalcoi.webs.upv.es\/index.php?rest_route=\/wp\/v2\/pages"}],"about":[{"href":"https:\/\/museucampusalcoi.webs.upv.es\/index.php?rest_route=\/wp\/v2\/types\/page"}],"author":[{"embeddable":true,"href":"https:\/\/museucampusalcoi.webs.upv.es\/index.php?rest_route=\/wp\/v2\/users\/1"}],"replies":[{"embeddable":true,"href":"https:\/\/museucampusalcoi.webs.upv.es\/index.php?rest_route=%2Fwp%2Fv2%2Fcomments&post=20"}],"version-history":[{"count":6,"href":"https:\/\/museucampusalcoi.webs.upv.es\/index.php?rest_route=\/wp\/v2\/pages\/20\/revisions"}],"predecessor-version":[{"id":129,"href":"https:\/\/museucampusalcoi.webs.upv.es\/index.php?rest_route=\/wp\/v2\/pages\/20\/revisions\/129"}],"wp:attachment":[{"href":"https:\/\/museucampusalcoi.webs.upv.es\/index.php?rest_route=%2Fwp%2Fv2%2Fmedia&parent=20"}],"curies":[{"name":"wp","href":"https:\/\/api.w.org\/{rel}","templated":true}]}}