{"id":135,"date":"2025-10-27T18:33:52","date_gmt":"2025-10-27T17:33:52","guid":{"rendered":"https:\/\/museucampusalcoi.webs.upv.es\/?page_id=135"},"modified":"2025-10-27T18:33:52","modified_gmt":"2025-10-27T17:33:52","slug":"visites-guiades-al-mupih","status":"publish","type":"page","link":"https:\/\/museucampusalcoi.webs.upv.es\/?page_id=135&lang=va","title":{"rendered":"Visites guiades al\u00a0MUPIH"},"content":{"rendered":"\n<p>Actualment el Museu de Patrimoni Industrial i Hist\u00f2ria del Campus d&#8217;Alcoi de la Universitat Polit\u00e8cnica de Val\u00e8ncia (MUPIH) t\u00e9 exposicions en la seua seu en l&#8217;edifici de l&#8217;Escola Industrial en el Passeig d&#8217;Ovidi Montllor i en l&#8217;edifici de Carbonell en la Pla\u00e7a\u00a0Ferr\u00e0ndiz i Carbonell.<\/p>\n\n\n\n<p>El\u00a0MUPIH est\u00e0 estructurat en diverses seccions que estan desenvolupant-se a poc a poc.<\/p>\n\n\n\n<p><strong><em>Visites a l&#8217;edifici de l&#8217;Escola Industrial:<\/em><\/strong><\/p>\n\n\n\n<p>\u2022 La visita completa en totes les sales \u00e9s amb cita pr\u00e8via comunicant-se amb el correu <a href=\"mailto:museucampusalcoi@upv.es\">museucampusalcoi@upv.es<\/a>. Els grups han de ser d&#8217;entre 5 persones i un m\u00e0xim de 30.<\/p>\n\n\n\n<p>\u2022 En horari d&#8217;obertura de l&#8217;edifici de <strong>9 a 21<\/strong> hores es poden visitar les exposicions de l&#8217;hospital Suec &#8211; Noruec en la planta 2 (planta superior) i la de la Hist\u00f2ria de l&#8217;Ensenyament Industrial en el vest\u00edbul del soterrani (planta -1).<\/p>\n\n\n\n<p><em><strong>Visites a l&#8217;edificio de Carbonell:<\/strong><\/em><\/p>\n\n\n\n<p>En horari d&#8217;obertura de l&#8217;edifici de <strong>9 a 21<\/strong> hores es poden visitar tres corredors en les plantes\u00a0<strong>1B<\/strong>,\u00a0<strong>2B<\/strong> i\u00a0<strong>3B<\/strong>, on s&#8217;exposen 15 vitrines amb equips i material de l&#8217;ensenyament industrial.<\/p>\n\n\n\n<p>En un futur pr\u00f2xim convocarem visites guiades en determinats horaris.<\/p>\n","protected":false},"excerpt":{"rendered":"<p>Actualment el Museu de Patrimoni Industrial i Hist\u00f2ria del Campus d&#8217;Alcoi de la Universitat Polit\u00e8cnica de Val\u00e8ncia (MUPIH) t\u00e9 exposicions en la seua seu en l&#8217;edifici de l&#8217;Escola Industrial en&hellip;<\/p>\n","protected":false},"author":1,"featured_media":0,"parent":0,"menu_order":0,"comment_status":"closed","ping_status":"closed","template":"page-templates\/fullwidth.php","meta":{"footnotes":""},"class_list":["post-135","page","type-page","status-publish","hentry"],"_links":{"self":[{"href":"https:\/\/museucampusalcoi.webs.upv.es\/index.php?rest_route=\/wp\/v2\/pages\/135","targetHints":{"allow":["GET"]}}],"collection":[{"href":"https:\/\/museucampusalcoi.webs.upv.es\/index.php?rest_route=\/wp\/v2\/pages"}],"about":[{"href":"https:\/\/museucampusalcoi.webs.upv.es\/index.php?rest_route=\/wp\/v2\/types\/page"}],"author":[{"embeddable":true,"href":"https:\/\/museucampusalcoi.webs.upv.es\/index.php?rest_route=\/wp\/v2\/users\/1"}],"replies":[{"embeddable":true,"href":"https:\/\/museucampusalcoi.webs.upv.es\/index.php?rest_route=%2Fwp%2Fv2%2Fcomments&post=135"}],"version-history":[{"count":1,"href":"https:\/\/museucampusalcoi.webs.upv.es\/index.php?rest_route=\/wp\/v2\/pages\/135\/revisions"}],"predecessor-version":[{"id":136,"href":"https:\/\/museucampusalcoi.webs.upv.es\/index.php?rest_route=\/wp\/v2\/pages\/135\/revisions\/136"}],"wp:attachment":[{"href":"https:\/\/museucampusalcoi.webs.upv.es\/index.php?rest_route=%2Fwp%2Fv2%2Fmedia&parent=135"}],"curies":[{"name":"wp","href":"https:\/\/api.w.org\/{rel}","templated":true}]}}